{"id":183,"date":"2017-04-25T09:28:35","date_gmt":"2017-04-25T08:28:35","guid":{"rendered":"https:\/\/hondentrainingcookie.nl\/nl\/?page_id=183"},"modified":"2026-04-22T19:56:11","modified_gmt":"2026-04-22T18:56:11","slug":"workshopenlezingen","status":"publish","type":"page","link":"https:\/\/hondentrainingcookie.nl\/nl\/cursusaanbod\/workshopenlezingen\/","title":{"rendered":"Workshops en lezingen"},"content":{"rendered":"<div id=\"pl-183\"  class=\"panel-layout\" ><div id=\"pg-183-0\"  class=\"panel-grid panel-no-style\" ><div id=\"pgc-183-0-0\"  class=\"panel-grid-cell\" ><div id=\"panel-183-0-0-0\" class=\"so-panel widget widget_sow-editor panel-first-child\" data-index=\"0\" ><div\n\t\t\t\n\t\t\tclass=\"so-widget-sow-editor so-widget-sow-editor-base\"\n\t\t\t\n\t\t>\n<div class=\"siteorigin-widget-tinymce textwidget\">\n\t<p>Ben je nieuwsgierig of je hond hoopers leuk vindt of jezelf een frisbeetje kan gooien of om te kijken hoe geweldig die neus van jouw hond werkt?&nbsp; Dan zijn deze (snuffel) workshops wel wat voor jou en je hond. Regelmatig biedt Cookie workshops en lezingen aan van o.a. dogfrisbee, mantrailen en hoopers. Door deze workshops kan je kennismaken met een bepaalde hondensport. Om te ontdekken of dit iets voor jullie is of gewoon leuk om een keer te doen.<\/p>\n<div data-offset-key=\"75q0o-0-0\">\n<div class=\"\" data-block=\"true\" data-editor=\"foeno\" data-offset-key=\"f97o1-0-0\">\n<div data-offset-key=\"f97o1-0-0\"><span style=\"color: #ff6600;\">LEZING&nbsp; HONDENTAAL<\/span><\/div>\n<div data-offset-key=\"f97o1-0-0\">Het is natuurlijk logisch dat wij een andere taal spreken dan onze honden. Onze taal is heel erg vocaal, terwijl hondentaal echt een lichaamstaal is.<br \/>\nHonden kunnen wel commando's aanleren, maar snappen niks van ons geklets. Daarom is het eigenlijk een MUST dat wij de hondentaal begrijpen.<br \/>\nDat je objectief naar je hond kan kijken\/lezen en dat je menselijke interpretaties zoveel mogelijk achterwege laat. Want daar komt toch de meeste miscommunicatie vandaan.<\/div>\n<div data-offset-key=\"f97o1-0-0\">\" hij kwispelt, dus hij is blij en wil spelen\", maar is dat ook echt zo....?<\/div>\n<div data-offset-key=\"f97o1-0-0\">\" kijk maar uit, hij gromt \", maar wist je dat honden ook grommen als ze spelen..?<\/div>\n<\/div>\n<\/div>\n<div data-offset-key=\"f97o1-0-0\">Door je hond te leren lezen en te begrijpen zal je ook anders gaan reageren in bepaalde situaties. Wat jullie band alleen maar sterker maakt.<\/div>\n<div data-offset-key=\"f97o1-0-0\">&nbsp;<\/div>\n<p>Gedragstherapeut Tamara Duijzend gaat hierover bij ons een lezing geven. Tamara werkt bij Tinley gedragstherapie voor dieren. Tinley is een landelijke organisatie waar 40 gedragstherapeuten zijn bij aangesloten.<br \/>\nDaarnaast geeft zij ook les aan de studenten van de Tinley Academie. Verder heeft ze de studies Gezondheidswetenschappen in Maastricht en Diergeneeskunde in Antwerpen afgerond. Naast gedragstherapie voor honden kan je ook voor de gedragsproblemen van je konijn bij haar terecht.<\/p>\n<p><span style=\"color: #ff6600;\">WORKSHOP DOGFRISBEE<\/span><\/p>\n<p><span style=\"color: #000000;\">In deze workshop krijgen jullie een klein stukje theorie over veiligheid en materiaal.<br \/>\nDaarna gaan jullie eerst zelf ingooien. Dit gebeurt zonder hond. Je hond moet daarom wel in de auto kunnen blijven, of in een bench of dat iemand hem vasthoudt.<br \/>\nBelangrijk is wel dat de hond zich zelf niet opwind aan de zijlijn.<\/span><\/p>\n<p>E\u00e9n voor \u00e9\u00e9n halen we de honden op het veld en gaan we aan de slag met jouw hond.<br \/>\nIs je hond reactief en\/of vindt hij andere honden spannend dan is juist dogfrisbee iets voor je hond.<br \/>\nMede doordat we vaak 1 op 1 trainen.<br \/>\nDe workshop is op <span style=\"color: #ff6600;\">zondag 7 juni<\/span> van 11.00 - 12.30 uur.<br \/>\nDe kosten bedragen \u20ac 37,50 per hond\/begeleider.<\/p>\n<\/div>\n<\/div><\/div><div id=\"panel-183-0-0-1\" class=\"so-panel widget widget_sow-image panel-last-child\" data-index=\"1\" ><div\n\t\t\t\n\t\t\tclass=\"so-widget-sow-image so-widget-sow-image-default-c67d20f9f743-183\"\n\t\t\t\n\t\t>\n<div class=\"sow-image-container\">\n\t\t<img \n\tsrc=\"https:\/\/hondentrainingcookie.nl\/nl\/wp-content\/uploads\/2021\/05\/IMG_0305-scaled.jpg\" width=\"2560\" height=\"1920\" srcset=\"https:\/\/hondentrainingcookie.nl\/nl\/wp-content\/uploads\/2021\/05\/IMG_0305-scaled.jpg 2560w, https:\/\/hondentrainingcookie.nl\/nl\/wp-content\/uploads\/2021\/05\/IMG_0305-scaled-582x437.jpg 582w, https:\/\/hondentrainingcookie.nl\/nl\/wp-content\/uploads\/2021\/05\/IMG_0305-300x225.jpg 300w, https:\/\/hondentrainingcookie.nl\/nl\/wp-content\/uploads\/2021\/05\/IMG_0305-1024x768.jpg 1024w, https:\/\/hondentrainingcookie.nl\/nl\/wp-content\/uploads\/2021\/05\/IMG_0305-768x576.jpg 768w, https:\/\/hondentrainingcookie.nl\/nl\/wp-content\/uploads\/2021\/05\/IMG_0305-1536x1152.jpg 1536w, https:\/\/hondentrainingcookie.nl\/nl\/wp-content\/uploads\/2021\/05\/IMG_0305-2048x1536.jpg 2048w, https:\/\/hondentrainingcookie.nl\/nl\/wp-content\/uploads\/2021\/05\/IMG_0305-267x200.jpg 267w\" sizes=\"(max-width: 2560px) 100vw, 2560px\" title=\"IMG_0305\" alt=\"\" \t\tclass=\"so-widget-image\"\/>\n\t<\/div>\n\n<\/div><\/div><\/div><div id=\"pgc-183-0-1\"  class=\"panel-grid-cell\" ><div id=\"panel-183-0-1-0\" class=\"so-panel widget widget_sow-image panel-first-child\" data-index=\"2\" ><div\n\t\t\t\n\t\t\tclass=\"so-widget-sow-image so-widget-sow-image-default-c67d20f9f743-183\"\n\t\t\t\n\t\t>\n<div class=\"sow-image-container\">\n\t\t<img \n\tsrc=\"https:\/\/hondentrainingcookie.nl\/nl\/wp-content\/uploads\/2025\/09\/Vuurwerk.png\" width=\"1024\" height=\"1024\" srcset=\"https:\/\/hondentrainingcookie.nl\/nl\/wp-content\/uploads\/2025\/09\/Vuurwerk.png 1024w, https:\/\/hondentrainingcookie.nl\/nl\/wp-content\/uploads\/2025\/09\/Vuurwerk-300x300.png 300w, https:\/\/hondentrainingcookie.nl\/nl\/wp-content\/uploads\/2025\/09\/Vuurwerk-150x150.png 150w, https:\/\/hondentrainingcookie.nl\/nl\/wp-content\/uploads\/2025\/09\/Vuurwerk-768x768.png 768w, https:\/\/hondentrainingcookie.nl\/nl\/wp-content\/uploads\/2025\/09\/Vuurwerk-200x200.png 200w\" sizes=\"(max-width: 1024px) 100vw, 1024px\" alt=\"\" \t\tclass=\"so-widget-image\"\/>\n\t<\/div>\n\n<\/div><\/div><div id=\"panel-183-0-1-1\" class=\"so-panel widget widget_sow-editor panel-last-child\" data-index=\"3\" ><div\n\t\t\t\n\t\t\tclass=\"so-widget-sow-editor so-widget-sow-editor-base\"\n\t\t\t\n\t\t>\n<div class=\"siteorigin-widget-tinymce textwidget\">\n\t<p>&nbsp;<\/p>\n<div data-offset-key=\"f97o1-0-0\">\n<div class=\"\" data-block=\"true\" data-editor=\"2vjsb\" data-offset-key=\"737np-0-0\">\n<div data-offset-key=\"737np-0-0\">&nbsp;<\/div>\n<div data-offset-key=\"737np-0-0\">&nbsp;<\/div>\n<div data-offset-key=\"737np-0-0\">&nbsp;<\/div>\n<div class=\"_1mf _1mj\" data-offset-key=\"737np-0-0\"><em style=\"text-indent: 0em;\">Log in of maak een eigen account aan om de beschikbaarheid en data te bekijken via&nbsp; <a href=\"https:\/\/hondentrainingcookie.nl\/nl\/account-aanmaken-inloggen\/\">account aanmaken\/inloggen<\/a>.<\/em><\/div>\n<\/div>\n<\/div>\n<p><em>Via je account kan je jezelf inschrijven voor de workshops. Let erop dat de hond ook moet worden toegevoegd. (alleen de vragen met een rood sterretje)<br \/>\nBen je nieuw bij Cookie en heb je eerst nog een aantal vragen, neem dan contact met ons op. We helpen je graag!<\/em><\/p>\n<\/div>\n<\/div><\/div><\/div><\/div><\/div>","protected":false},"excerpt":{"rendered":"<p>Ben je nieuwsgierig of je hond hoopers leuk vindt of jezelf een frisbeetje kan gooien of om te kijken hoe geweldig die neus van jouw hond werkt?&nbsp; Dan zijn deze (snuffel) workshops wel wat voor jou en je hond. Regelmatig biedt Cookie workshops en lezingen aan van o.a. dogfrisbee, mantrailen &hellip;<\/p>\n","protected":false},"author":4,"featured_media":0,"parent":164,"menu_order":9,"comment_status":"closed","ping_status":"closed","template":"","meta":{"ngg_post_thumbnail":0,"footnotes":""},"class_list":["post-183","page","type-page","status-publish","hentry"],"yoast_head":"<!-- This site is optimized with the Yoast SEO plugin v25.7 - https:\/\/yoast.com\/wordpress\/plugins\/seo\/ -->\n<title>Workshops en lezingen - Training &amp; Pension Cookie<\/title>\n<meta name=\"robots\" content=\"index, follow, max-snippet:-1, max-image-preview:large, max-video-preview:-1\" \/>\n<link rel=\"canonical\" href=\"https:\/\/hondentrainingcookie.nl\/nl\/cursusaanbod\/workshopenlezingen\/\" \/>\n<meta property=\"og:locale\" content=\"nl_NL\" \/>\n<meta property=\"og:type\" content=\"article\" \/>\n<meta property=\"og:title\" content=\"Workshops en lezingen - Training &amp; Pension Cookie\" \/>\n<meta property=\"og:description\" content=\"Ben je nieuwsgierig of je hond hoopers leuk vindt of jezelf een frisbeetje kan gooien of om te kijken hoe geweldig die neus van jouw hond werkt?&nbsp; Dan zijn deze (snuffel) workshops wel wat voor jou en je hond. Regelmatig biedt Cookie workshops en lezingen aan van o.a. dogfrisbee, mantrailen &hellip;\" \/>\n<meta property=\"og:url\" content=\"https:\/\/hondentrainingcookie.nl\/nl\/cursusaanbod\/workshopenlezingen\/\" \/>\n<meta property=\"og:site_name\" content=\"Training &amp; Pension Cookie\" \/>\n<meta property=\"article:publisher\" content=\"https:\/\/www.facebook.com\/hondentrainingcookie.nl\" \/>\n<meta property=\"article:modified_time\" content=\"2026-04-22T18:56:11+00:00\" \/>\n<meta name=\"twitter:card\" content=\"summary_large_image\" \/>\n<meta name=\"twitter:label1\" content=\"Verwachte leestijd\" \/>\n\t<meta name=\"twitter:data1\" content=\"3 minuten\" \/>\n<script type=\"application\/ld+json\" class=\"yoast-schema-graph\">{\"@context\":\"https:\/\/schema.org\",\"@graph\":[{\"@type\":\"WebPage\",\"@id\":\"https:\/\/hondentrainingcookie.nl\/nl\/cursusaanbod\/workshopenlezingen\/\",\"url\":\"https:\/\/hondentrainingcookie.nl\/nl\/cursusaanbod\/workshopenlezingen\/\",\"name\":\"Workshops en lezingen - Training &amp; Pension Cookie\",\"isPartOf\":{\"@id\":\"https:\/\/hondentrainingcookie.nl\/nl\/#website\"},\"datePublished\":\"2017-04-25T08:28:35+00:00\",\"dateModified\":\"2026-04-22T18:56:11+00:00\",\"breadcrumb\":{\"@id\":\"https:\/\/hondentrainingcookie.nl\/nl\/cursusaanbod\/workshopenlezingen\/#breadcrumb\"},\"inLanguage\":\"nl-NL\",\"potentialAction\":[{\"@type\":\"ReadAction\",\"target\":[\"https:\/\/hondentrainingcookie.nl\/nl\/cursusaanbod\/workshopenlezingen\/\"]}]},{\"@type\":\"BreadcrumbList\",\"@id\":\"https:\/\/hondentrainingcookie.nl\/nl\/cursusaanbod\/workshopenlezingen\/#breadcrumb\",\"itemListElement\":[{\"@type\":\"ListItem\",\"position\":1,\"name\":\"Home\",\"item\":\"https:\/\/hondentrainingcookie.nl\/nl\/\"},{\"@type\":\"ListItem\",\"position\":2,\"name\":\"Cursusaanbod\",\"item\":\"https:\/\/hondentrainingcookie.nl\/nl\/cursusaanbod\/\"},{\"@type\":\"ListItem\",\"position\":3,\"name\":\"Workshops en lezingen\"}]},{\"@type\":\"WebSite\",\"@id\":\"https:\/\/hondentrainingcookie.nl\/nl\/#website\",\"url\":\"https:\/\/hondentrainingcookie.nl\/nl\/\",\"name\":\"Hondentraining & Pension Cookie\",\"description\":\"\",\"publisher\":{\"@id\":\"https:\/\/hondentrainingcookie.nl\/nl\/#organization\"},\"alternateName\":\"Cookie\",\"potentialAction\":[{\"@type\":\"SearchAction\",\"target\":{\"@type\":\"EntryPoint\",\"urlTemplate\":\"https:\/\/hondentrainingcookie.nl\/nl\/?s={search_term_string}\"},\"query-input\":{\"@type\":\"PropertyValueSpecification\",\"valueRequired\":true,\"valueName\":\"search_term_string\"}}],\"inLanguage\":\"nl-NL\"},{\"@type\":\"Organization\",\"@id\":\"https:\/\/hondentrainingcookie.nl\/nl\/#organization\",\"name\":\"Hondentraining & Pension Cookie\",\"alternateName\":\"Cookie\",\"url\":\"https:\/\/hondentrainingcookie.nl\/nl\/\",\"logo\":{\"@type\":\"ImageObject\",\"inLanguage\":\"nl-NL\",\"@id\":\"https:\/\/hondentrainingcookie.nl\/nl\/#\/schema\/logo\/image\/\",\"url\":\"https:\/\/hondentrainingcookie.nl\/nl\/wp-content\/uploads\/2024\/06\/logoCOOKIEsite2-e1718210338601.png\",\"contentUrl\":\"https:\/\/hondentrainingcookie.nl\/nl\/wp-content\/uploads\/2024\/06\/logoCOOKIEsite2-e1718210338601.png\",\"width\":2928,\"height\":938,\"caption\":\"Hondentraining & Pension Cookie\"},\"image\":{\"@id\":\"https:\/\/hondentrainingcookie.nl\/nl\/#\/schema\/logo\/image\/\"},\"sameAs\":[\"https:\/\/www.facebook.com\/hondentrainingcookie.nl\",\"https:\/\/www.instagram.com\/doerakhondenpension\"]}]}<\/script>\n<!-- \/ Yoast SEO plugin. -->","yoast_head_json":{"title":"Workshops en lezingen - Training &amp; Pension Cookie","robots":{"index":"index","follow":"follow","max-snippet":"max-snippet:-1","max-image-preview":"max-image-preview:large","max-video-preview":"max-video-preview:-1"},"canonical":"https:\/\/hondentrainingcookie.nl\/nl\/cursusaanbod\/workshopenlezingen\/","og_locale":"nl_NL","og_type":"article","og_title":"Workshops en lezingen - Training &amp; Pension Cookie","og_description":"Ben je nieuwsgierig of je hond hoopers leuk vindt of jezelf een frisbeetje kan gooien of om te kijken hoe geweldig die neus van jouw hond werkt?&nbsp; Dan zijn deze (snuffel) workshops wel wat voor jou en je hond. Regelmatig biedt Cookie workshops en lezingen aan van o.a. dogfrisbee, mantrailen &hellip;","og_url":"https:\/\/hondentrainingcookie.nl\/nl\/cursusaanbod\/workshopenlezingen\/","og_site_name":"Training &amp; Pension Cookie","article_publisher":"https:\/\/www.facebook.com\/hondentrainingcookie.nl","article_modified_time":"2026-04-22T18:56:11+00:00","twitter_card":"summary_large_image","twitter_misc":{"Verwachte leestijd":"3 minuten"},"schema":{"@context":"https:\/\/schema.org","@graph":[{"@type":"WebPage","@id":"https:\/\/hondentrainingcookie.nl\/nl\/cursusaanbod\/workshopenlezingen\/","url":"https:\/\/hondentrainingcookie.nl\/nl\/cursusaanbod\/workshopenlezingen\/","name":"Workshops en lezingen - Training &amp; Pension Cookie","isPartOf":{"@id":"https:\/\/hondentrainingcookie.nl\/nl\/#website"},"datePublished":"2017-04-25T08:28:35+00:00","dateModified":"2026-04-22T18:56:11+00:00","breadcrumb":{"@id":"https:\/\/hondentrainingcookie.nl\/nl\/cursusaanbod\/workshopenlezingen\/#breadcrumb"},"inLanguage":"nl-NL","potentialAction":[{"@type":"ReadAction","target":["https:\/\/hondentrainingcookie.nl\/nl\/cursusaanbod\/workshopenlezingen\/"]}]},{"@type":"BreadcrumbList","@id":"https:\/\/hondentrainingcookie.nl\/nl\/cursusaanbod\/workshopenlezingen\/#breadcrumb","itemListElement":[{"@type":"ListItem","position":1,"name":"Home","item":"https:\/\/hondentrainingcookie.nl\/nl\/"},{"@type":"ListItem","position":2,"name":"Cursusaanbod","item":"https:\/\/hondentrainingcookie.nl\/nl\/cursusaanbod\/"},{"@type":"ListItem","position":3,"name":"Workshops en lezingen"}]},{"@type":"WebSite","@id":"https:\/\/hondentrainingcookie.nl\/nl\/#website","url":"https:\/\/hondentrainingcookie.nl\/nl\/","name":"Hondentraining & Pension Cookie","description":"","publisher":{"@id":"https:\/\/hondentrainingcookie.nl\/nl\/#organization"},"alternateName":"Cookie","potentialAction":[{"@type":"SearchAction","target":{"@type":"EntryPoint","urlTemplate":"https:\/\/hondentrainingcookie.nl\/nl\/?s={search_term_string}"},"query-input":{"@type":"PropertyValueSpecification","valueRequired":true,"valueName":"search_term_string"}}],"inLanguage":"nl-NL"},{"@type":"Organization","@id":"https:\/\/hondentrainingcookie.nl\/nl\/#organization","name":"Hondentraining & Pension Cookie","alternateName":"Cookie","url":"https:\/\/hondentrainingcookie.nl\/nl\/","logo":{"@type":"ImageObject","inLanguage":"nl-NL","@id":"https:\/\/hondentrainingcookie.nl\/nl\/#\/schema\/logo\/image\/","url":"https:\/\/hondentrainingcookie.nl\/nl\/wp-content\/uploads\/2024\/06\/logoCOOKIEsite2-e1718210338601.png","contentUrl":"https:\/\/hondentrainingcookie.nl\/nl\/wp-content\/uploads\/2024\/06\/logoCOOKIEsite2-e1718210338601.png","width":2928,"height":938,"caption":"Hondentraining & Pension Cookie"},"image":{"@id":"https:\/\/hondentrainingcookie.nl\/nl\/#\/schema\/logo\/image\/"},"sameAs":["https:\/\/www.facebook.com\/hondentrainingcookie.nl","https:\/\/www.instagram.com\/doerakhondenpension"]}]}},"jetpack_sharing_enabled":true,"_links":{"self":[{"href":"https:\/\/hondentrainingcookie.nl\/nl\/wp-json\/wp\/v2\/pages\/183","targetHints":{"allow":["GET"]}}],"collection":[{"href":"https:\/\/hondentrainingcookie.nl\/nl\/wp-json\/wp\/v2\/pages"}],"about":[{"href":"https:\/\/hondentrainingcookie.nl\/nl\/wp-json\/wp\/v2\/types\/page"}],"author":[{"embeddable":true,"href":"https:\/\/hondentrainingcookie.nl\/nl\/wp-json\/wp\/v2\/users\/4"}],"replies":[{"embeddable":true,"href":"https:\/\/hondentrainingcookie.nl\/nl\/wp-json\/wp\/v2\/comments?post=183"}],"version-history":[{"count":127,"href":"https:\/\/hondentrainingcookie.nl\/nl\/wp-json\/wp\/v2\/pages\/183\/revisions"}],"predecessor-version":[{"id":4420,"href":"https:\/\/hondentrainingcookie.nl\/nl\/wp-json\/wp\/v2\/pages\/183\/revisions\/4420"}],"up":[{"embeddable":true,"href":"https:\/\/hondentrainingcookie.nl\/nl\/wp-json\/wp\/v2\/pages\/164"}],"wp:attachment":[{"href":"https:\/\/hondentrainingcookie.nl\/nl\/wp-json\/wp\/v2\/media?parent=183"}],"curies":[{"name":"wp","href":"https:\/\/api.w.org\/{rel}","templated":true}]}}